{"id":1148,"date":"2016-10-26T19:05:54","date_gmt":"2016-10-26T19:05:54","guid":{"rendered":"http:\/\/pluriseg.com\/index.php\/bienvenidos-8\/historia\/"},"modified":"2016-10-26T19:05:54","modified_gmt":"2016-10-26T19:05:54","slug":"historia","status":"publish","type":"page","link":"http:\/\/pluriseg.com\/index.php\/bienvenidos-8\/historia\/","title":{"rendered":"Historia"},"content":{"rendered":"<p class=\"MsoNormal\" style=\"margin-bottom: 18pt; line-height: 16.5pt; text-align: center;\">Pluriseg C\u00eda. Ltda. Asesores Productores de Seguros, fue constituida el 28 de septiembre de 1982, bajo la modalidad de sociedad de responsabilidad limitada para desempe\u00f1ar actividades de intermediaci\u00f3n en seguros. <\/p>\n<p>El 24 de febrero de 1983, recibe su Credencial No. 078, otorgada por La Superintendencia de Bancos y Seguros, que le acredita para prestar servicios de asesor\u00eda y corretaje de seguros.<\/p>\n<p class=\"MsoNormal\" style=\"margin-bottom: 18pt; line-height: 16.5pt; text-align: center;\"><img loading=\"lazy\" decoding=\"async\" width=\"387\" height=\"524\" alt=\"\" class=\"art-lightbox\" src=\"http:\/\/pluriseg.com\/wp-content\/uploads\/2016\/10\/tmp4A9F.png\"><\/p>\n<p class=\"MsoNormal\" style=\"margin-bottom: 18pt; line-height: 16.5pt;\">\n<ul>\n<li style=\"text-align: justify;\">Somos una empresa que brinda servicios de asesor\u00eda en la contrataci\u00f3n y administraci\u00f3n de seguros; buscamos dar soluci\u00f3n integral a las necesidades protecci\u00f3n de nuestros clientes, con un alto grado de profesionalismo y transparencia en nuestro actuar.<\/li>\n<li style=\"text-align: justify;\"><span style=\"font-weight: bold;\">Nuestra orientaci\u00f3n en el servicio es el pilar fundamental de nuestra gesti\u00f3n, siempre dispuestos a superar las expectativas de nuestros clientes y generar as\u00ed relaciones de largo plazo basadas en la confianza y honestidad.<\/span><\/li>\n<li style=\"text-align: justify;\">Nuestra experiencia por m\u00e1s de <img loading=\"lazy\" decoding=\"async\" width=\"70\" height=\"17\" alt=\"\" class=\"art-lightbox\" src=\"http:\/\/pluriseg.com\/wp-content\/uploads\/2016\/10\/30.png\">&nbsp;en el mercado asegurador sirviendo a nuestros muy apreciados clientes, en los diferentes \u00e1mbitos del quehacer comercial, industrial, artesanal, financiero, cultural, empresarial, familiar y del sector p\u00fablico, a todos quienes, mediante un trabajo esmerado y alto grado de profesionalismo, les garantizamos la tranquilidad de contar con una adecuada protecci\u00f3n, con las empresas aseguradoras m\u00e1s prestigiosas y solventes del medio y a los precios m\u00e1s convenientes.<\/li>\n<\/ul>\n","protected":false},"excerpt":{"rendered":"<p>Pluriseg C\u00eda. Ltda. Asesores Productores de Seguros, fue constituida el 28 de septiembre de 1982, bajo la modalidad de sociedad de responsabilidad limitada para desempe\u00f1ar actividades de intermediaci\u00f3n en seguros. El 24 de febrero de 1983, recibe su Credencial No. 078, otorgada por La Superintendencia de Bancos y Seguros, que le acredita para prestar servicios [&hellip;]<\/p>\n","protected":false},"author":2,"featured_media":0,"parent":1147,"menu_order":2,"comment_status":"closed","ping_status":"closed","template":"","meta":{"om_disable_all_campaigns":false,"footnotes":""},"class_list":["post-1148","page","type-page","status-publish","hentry"],"jetpack_sharing_enabled":true,"_links":{"self":[{"href":"http:\/\/pluriseg.com\/index.php\/wp-json\/wp\/v2\/pages\/1148","targetHints":{"allow":["GET"]}}],"collection":[{"href":"http:\/\/pluriseg.com\/index.php\/wp-json\/wp\/v2\/pages"}],"about":[{"href":"http:\/\/pluriseg.com\/index.php\/wp-json\/wp\/v2\/types\/page"}],"author":[{"embeddable":true,"href":"http:\/\/pluriseg.com\/index.php\/wp-json\/wp\/v2\/users\/2"}],"replies":[{"embeddable":true,"href":"http:\/\/pluriseg.com\/index.php\/wp-json\/wp\/v2\/comments?post=1148"}],"version-history":[{"count":0,"href":"http:\/\/pluriseg.com\/index.php\/wp-json\/wp\/v2\/pages\/1148\/revisions"}],"up":[{"embeddable":true,"href":"http:\/\/pluriseg.com\/index.php\/wp-json\/wp\/v2\/pages\/1147"}],"wp:attachment":[{"href":"http:\/\/pluriseg.com\/index.php\/wp-json\/wp\/v2\/media?parent=1148"}],"curies":[{"name":"wp","href":"https:\/\/api.w.org\/{rel}","templated":true}]}}