{"id":1151,"date":"2016-10-26T19:05:57","date_gmt":"2016-10-26T19:05:57","guid":{"rendered":"http:\/\/pluriseg.com\/index.php\/productos-2-8\/"},"modified":"2016-10-26T19:05:57","modified_gmt":"2016-10-26T19:05:57","slug":"productos-2-8","status":"publish","type":"page","link":"http:\/\/pluriseg.com\/index.php\/productos-2-8\/","title":{"rendered":"Productos"},"content":{"rendered":"<div class=\"art-content-layout\">\n<div class=\"art-content-layout-row\">\n<div class=\"art-layout-cell layout-item-0\" style=\"width: 25%\" >\n<h5 style=\"text-align: center;\"><img loading=\"lazy\" decoding=\"async\" width=\"88\" height=\"73\" alt=\"\" class=\"art-lightbox\" src=\"http:\/\/pluriseg.com\/wp-content\/uploads\/2016\/10\/tmpDC6A.png\"><br \/><\/h5>\n<h5 style=\"text-align: center;\">Pluri &#8211; Auto<br \/><span style=\"font-size: 15px;\">Seguro de Veh\u00edculos<\/span><\/h5>\n<p style=\"text-align: justify;\">Tu mejor alternativa en Seguros!&nbsp;<\/p>\n<p style=\"text-align: justify;\">Aseguramos tu veh\u00edculo hasta 25 a\u00f1os de fabricaci\u00f3n con coberturas TODO RIESGO y los precios m\u00e1s competitivos del mercado.<\/p>\n<p style=\"text-align: justify;\">&nbsp;<a href=\"\/productos-2\" class=\"art-button\">Ver mas<\/a>&nbsp;<\/p>\n<\/p><\/div>\n<div class=\"art-layout-cell layout-item-0\" style=\"width: 25%\" >\n<h5 style=\"text-align: center;\"><img loading=\"lazy\" decoding=\"async\" width=\"87\" height=\"74\" alt=\"\" class=\"art-lightbox\" src=\"http:\/\/pluriseg.com\/wp-content\/uploads\/2016\/10\/tmp4CC9.png\"><br \/><\/h5>\n<h5 style=\"text-align: center;\">Pluri &#8211; Taxi<br \/><span style=\"font-size: 15px;\">Seguros de Veh\u00edculos P\u00fablicos&nbsp;<\/span><\/h5>\n<p style=\"text-align: justify;\">Taxis Tu herramienta de Trabajo es los m\u00e1s importante! Coberturas de da\u00f1os propios a la unidad de trabajo como da\u00f1os contra terceros y pensando que es tu herramienta de generaci\u00f3n de ingresos, te aseguramos con coberturas de p\u00e9rdida de Utilidad por la paralizaci\u00f3n de la unidad por un siniestro cubierto.<br \/>&nbsp;<a href=\"\/productos-2\/vehiculos-publicos\" class=\"art-button\">Ver mas<\/a>&nbsp;<\/p>\n<\/p><\/div>\n<div class=\"art-layout-cell layout-item-0\" style=\"width: 25%\" >\n<h5 style=\"text-align: center;\"><img loading=\"lazy\" decoding=\"async\" width=\"76\" height=\"79\" alt=\"\" class=\"art-lightbox\" src=\"http:\/\/pluriseg.com\/wp-content\/uploads\/2016\/10\/tmp9CFC.png\"><br \/><\/h5>\n<h5 style=\"text-align: center;\">Pluri &nbsp;Hogar<br \/><span style=\"font-size: 15px;\">Seguros de Hogar<\/span><\/h5>\n<p style=\"text-align: justify;\">No es solo una casa es tu HOGAR! Cobertura de da\u00f1os contra Riesgos Naturales contra Erupci\u00f3n Volc\u00e1nica, Terremoto, Temblor, Maremoto, Tsunami, Incendio, Lluvia y dem\u00e1s riesgos propios de una p\u00f3liza TODO RIESGO; aseguramos tu contenido en caso de Robo, adem\u00e1s de da\u00f1os a L\u00ednea blanca, te brindamos una cobertura completa para todos los riesgo del HOGAR.<br \/>&nbsp;<a href=\"\/productos-2\/seguros-de-hogar\" class=\"art-button\">Ver mas<\/a>&nbsp;<\/p>\n<\/p><\/div>\n<div class=\"art-layout-cell layout-item-0\" style=\"width: 25%\" >\n<h5 style=\"text-align: center;\"><img loading=\"lazy\" decoding=\"async\" width=\"94\" height=\"66\" alt=\"\" class=\"art-lightbox\" src=\"http:\/\/pluriseg.com\/wp-content\/uploads\/2016\/10\/tmpF3D3.png\"><br \/><\/h5>\n<h5 style=\"text-align: center;\">Pluri &#8211; Edificios<\/h5>\n<h5 style=\"text-align: center;\"><span style=\"font-size: 15px;\">Seguros de Edificios<\/span><\/h5>\n<p style=\"text-align: justify;\">Tu inmueble, bien protegido! Generaci\u00f3n de un programa de seguros competo contra riesgos de Incendio, terremoto, temblor y dem\u00e1s da\u00f1os naturales, as\u00ed como tambi\u00e9n coberturas para las maquinarias de uso comunal y da\u00f1os contra afectaciones a terceros. Analizamos los riesgos potenciales y generamos un programa completo de acuerdo la necesidad y requerimiento de cada edificaci\u00f3n.<br \/>&nbsp;<a href=\"\/productos-2\/seguros-de-edificios\" class=\"art-button\">Ver mas<\/a>&nbsp;<\/p>\n<\/p><\/div>\n<\/p><\/div>\n<\/div>\n<div class=\"art-content-layout\">\n<div class=\"art-content-layout-row\">\n<div class=\"art-layout-cell\" style=\"width: 50%\" >\n<h5 style=\"text-align: center;\">Otros Seguros<\/h5>\n<p style=\"text-align: justify;\">\n<pre wrap=\"\"><span style=\"font-family: Cuprum;\">En base a sus necesidades de protecci\u00f3n le asesoramos en la estructuraci\u00f3n de su programa de seguros. Contamos con tos los ramos aprobados.<\/span><\/pre>\n<\/p>\n<p>&nbsp;<a href=\"\/programa-de-seguros\" class=\"art-button\">Ver mas<\/a>&nbsp;<\/p>\n<\/p><\/div>\n<div class=\"art-layout-cell\" style=\"width: 50%\" >\n<p style=\"text-align: center;\"><img loading=\"lazy\" decoding=\"async\" width=\"200\" height=\"97\" alt=\"\" class=\"art-lightbox\" src=\"http:\/\/pluriseg.com\/wp-content\/uploads\/2016\/10\/tmp517F.png\"><\/p>\n<\/p><\/div>\n<\/p><\/div>\n<\/div>\n","protected":false},"excerpt":{"rendered":"<p>Pluri &#8211; AutoSeguro de Veh\u00edculos Tu mejor alternativa en Seguros!&nbsp; Aseguramos tu veh\u00edculo hasta 25 a\u00f1os de fabricaci\u00f3n con coberturas TODO RIESGO y los precios m\u00e1s competitivos del mercado. &nbsp;Ver mas&nbsp; Pluri &#8211; TaxiSeguros de Veh\u00edculos P\u00fablicos&nbsp; Taxis Tu herramienta de Trabajo es los m\u00e1s importante! Coberturas de da\u00f1os propios a la unidad de trabajo [&hellip;]<\/p>\n","protected":false},"author":2,"featured_media":0,"parent":0,"menu_order":5,"comment_status":"closed","ping_status":"closed","template":"","meta":{"om_disable_all_campaigns":false,"footnotes":""},"class_list":["post-1151","page","type-page","status-publish","hentry"],"jetpack_sharing_enabled":true,"_links":{"self":[{"href":"http:\/\/pluriseg.com\/index.php\/wp-json\/wp\/v2\/pages\/1151","targetHints":{"allow":["GET"]}}],"collection":[{"href":"http:\/\/pluriseg.com\/index.php\/wp-json\/wp\/v2\/pages"}],"about":[{"href":"http:\/\/pluriseg.com\/index.php\/wp-json\/wp\/v2\/types\/page"}],"author":[{"embeddable":true,"href":"http:\/\/pluriseg.com\/index.php\/wp-json\/wp\/v2\/users\/2"}],"replies":[{"embeddable":true,"href":"http:\/\/pluriseg.com\/index.php\/wp-json\/wp\/v2\/comments?post=1151"}],"version-history":[{"count":0,"href":"http:\/\/pluriseg.com\/index.php\/wp-json\/wp\/v2\/pages\/1151\/revisions"}],"wp:attachment":[{"href":"http:\/\/pluriseg.com\/index.php\/wp-json\/wp\/v2\/media?parent=1151"}],"curies":[{"name":"wp","href":"https:\/\/api.w.org\/{rel}","templated":true}]}}