{"id":1157,"date":"2016-10-26T19:06:03","date_gmt":"2016-10-26T19:06:03","guid":{"rendered":"http:\/\/pluriseg.com\/index.php\/productos-2-8\/pluri-auto\/"},"modified":"2016-10-26T19:06:03","modified_gmt":"2016-10-26T19:06:03","slug":"pluri-auto","status":"publish","type":"page","link":"http:\/\/pluriseg.com\/index.php\/productos-2-8\/pluri-auto\/","title":{"rendered":"Pluri &#8211; Auto \u00a0 \u00a0 Seguro de Veh\u00edculos"},"content":{"rendered":"<pre wrap=\"\"><p><span style=\"color: rgb(65, 67, 61); font-family: Cuprum;\"><br><\/span><\/p><table class=\"art-article art-preview-show-borders-table\" style=\"width: 100%; \"><tbody><tr><td style=\"width: 50%; border-top-width: 0px; border-right-width: 0px; border-bottom-width: 0px; border-left-width: 0px; \" class=\"art-preview-show-borders-cell\"><p><span style=\"font-family: monospace; \"><\/span><\/p><ul><li><span style=\"font-family: Cuprum; \">Aseguramos tu auto de hasta 25 a\u00f1os de Fabricaci\u00f3n\n<\/span><\/li><li><span style=\"font-family: Cuprum; \">Cobertura TODO RIESGO\n<\/span><\/li><li><span style=\"font-family: Cuprum; \">Mayores coberturas a excelentes costos\n<\/span><\/li><li><span style=\"font-family: Cuprum; \">Descuentos en planes grupales (m\u00e1s de 2 veh\u00edculos)\n<\/span><\/li><li><span style=\"font-family: Cuprum; \">Auto Sustituto\n<\/span><\/li><li><span style=\"font-family: Cuprum; \">Servicios de Asistencia Vehicular\n<\/span><\/li><li><span style=\"font-family: Cuprum; \">Atenci\u00f3n integral en siniestros\n<\/span><\/li><li><span style=\"font-family: Cuprum; \">Entre otros....<\/span><\/li><\/ul><p>&nbsp;<a href=\"\/programa-de-seguros\" class=\"art-button\">Otros ramos<\/a>&nbsp;<span style=\"color: rgb(65, 67, 61); font-family: Cuprum;\"><br><\/span><\/p><span style=\"font-family: Cuprum;\"><\/span><\/td><td style=\"width: 50%; text-align: center; border-top-width: 0px; border-right-width: 0px; border-bottom-width: 0px; border-left-width: 0px; \" class=\"art-preview-show-borders-cell\"><iframe loading=\"lazy\" width=\"100%\" height=\"400\" src=\"http:\/\/www.pluriseg.com\/cars.html\" frameborder=\"0\" allowfullscreen=\"\" scrolling=\"no\"><\/iframe><\/td><\/tr><\/tbody><\/table><\/pre>\n<p><span style=\"border-collapse: collapse; -webkit-border-horizontal-spacing: 2px; -webkit-border-vertical-spacing: 2px;\"><\/span><\/p>\n","protected":false},"excerpt":{"rendered":"<p>Aseguramos tu auto de hasta 25 a\u00f1os de Fabricaci\u00f3n Cobertura TODO RIESGO Mayores coberturas a excelentes costos Descuentos en planes grupales (m\u00e1s de 2 veh\u00edculos) Auto Sustituto Servicios de Asistencia Vehicular Atenci\u00f3n integral en siniestros Entre otros&#8230;.&nbsp;Otros ramos&nbsp;<\/p>\n","protected":false},"author":2,"featured_media":0,"parent":1151,"menu_order":11,"comment_status":"closed","ping_status":"closed","template":"","meta":{"om_disable_all_campaigns":false,"footnotes":""},"class_list":["post-1157","page","type-page","status-publish","hentry"],"jetpack_sharing_enabled":true,"_links":{"self":[{"href":"http:\/\/pluriseg.com\/index.php\/wp-json\/wp\/v2\/pages\/1157","targetHints":{"allow":["GET"]}}],"collection":[{"href":"http:\/\/pluriseg.com\/index.php\/wp-json\/wp\/v2\/pages"}],"about":[{"href":"http:\/\/pluriseg.com\/index.php\/wp-json\/wp\/v2\/types\/page"}],"author":[{"embeddable":true,"href":"http:\/\/pluriseg.com\/index.php\/wp-json\/wp\/v2\/users\/2"}],"replies":[{"embeddable":true,"href":"http:\/\/pluriseg.com\/index.php\/wp-json\/wp\/v2\/comments?post=1157"}],"version-history":[{"count":0,"href":"http:\/\/pluriseg.com\/index.php\/wp-json\/wp\/v2\/pages\/1157\/revisions"}],"up":[{"embeddable":true,"href":"http:\/\/pluriseg.com\/index.php\/wp-json\/wp\/v2\/pages\/1151"}],"wp:attachment":[{"href":"http:\/\/pluriseg.com\/index.php\/wp-json\/wp\/v2\/media?parent=1157"}],"curies":[{"name":"wp","href":"https:\/\/api.w.org\/{rel}","templated":true}]}}