{"id":1160,"date":"2016-10-26T19:06:06","date_gmt":"2016-10-26T19:06:06","guid":{"rendered":"http:\/\/pluriseg.com\/index.php\/productos-2-8\/pluri-edificios\/"},"modified":"2016-10-26T19:06:06","modified_gmt":"2016-10-26T19:06:06","slug":"pluri-edificios","status":"publish","type":"page","link":"http:\/\/pluriseg.com\/index.php\/productos-2-8\/pluri-edificios\/","title":{"rendered":"Pluri &#8211; Edificios \u00a0 \u00a0 \u00a0Seguros de Edificios"},"content":{"rendered":"<p><span style=\"white-space: pre-wrap; \"><\/p>\n<pre wrap=\"\" style=\"padding-top: 0.1em; padding-right: 0.1em; padding-bottom: 0.1em; padding-left: 0.1em; \"><table class=\"art-article art-preview-show-borders-table\"><tbody><tr><td style=\"border-top-width: 0px; border-right-width: 0px; border-bottom-width: 0px; border-left-width: 0px; width: 513px; \" class=\"art-preview-show-borders-cell\"><pre wrap=\"\" style=\"padding-top: 0.1em; padding-right: 0.1em; padding-bottom: 0.1em; padding-left: 0.1em; \"><p><span style=\"color: rgb(58, 35, 123); font-family: Electrolize, Arial, 'Arial Unicode MS', Helvetica, sans-serif; font-size: 28px; line-height: 33px; \">Tu inversi\u00f3n Segura!<\/span><\/p><ul><li>Cobertura TODO RIESGO, incluyendo, Incendio,  Erupci\u00f3n volc\u00e1nica, Terremoto, y dem\u00e1s riesgos catastr\u00f3ficos\n<\/li><li>Amparo para contenidos, Equipo Electr\u00f3nico y Rotura de Maquinaria y otras coberturas adicionales\n<\/li><li>Servicios de Asistencia T\u00e9cnica\n<\/li><li>Cobertura de al\u00edcuotas y arrendamientos\n<\/li><li>Planes a la medida en funci\u00f3n de cada Edificio\n<\/li><li>Beneficios adicionales a los cond\u00f3minos. <\/li><\/ul><p><span style=\"font-family: Cuprum, Arial, 'Arial Unicode MS', Helvetica, sans-serif; \">&nbsp;<a href=\"\/programa-de-seguros\" class=\"art-button\">Otros ramos<\/a>&nbsp;<\/span><span style=\"color: rgb(65, 67, 61); font-family: Cuprum, Arial, 'Arial Unicode MS', Helvetica, sans-serif;\"><br><\/span><\/p><\/pre>\n<\/td>\n<td style=\"border-top-width: 0px; border-right-width: 0px; border-bottom-width: 0px; border-left-width: 0px; text-align: center; width: 512px; \" class=\"art-preview-show-borders-cell\">\n        <img loading=\"lazy\" decoding=\"async\" width=\"399\" height=\"303\" alt=\"\" class=\"art-lightbox\" src=\"http:\/\/pluriseg.com\/wp-content\/uploads\/2016\/10\/tmp5513.png\"><\/td>\n<\/tr>\n<\/tbody>\n<\/table>\n<p><\/span><\/p>\n<p><\/p>\n","protected":false},"excerpt":{"rendered":"<p>Tu inversi\u00f3n Segura!Cobertura TODO RIESGO, incluyendo, Incendio, Erupci\u00f3n volc\u00e1nica, Terremoto, y dem\u00e1s riesgos catastr\u00f3ficos Amparo para contenidos, Equipo Electr\u00f3nico y Rotura de Maquinaria y otras coberturas adicionales Servicios de Asistencia T\u00e9cnica Cobertura de al\u00edcuotas y arrendamientos Planes a la medida en funci\u00f3n de cada Edificio Beneficios adicionales a los cond\u00f3minos. &nbsp;Otros ramos&nbsp;<\/p>\n","protected":false},"author":2,"featured_media":0,"parent":1151,"menu_order":14,"comment_status":"closed","ping_status":"closed","template":"","meta":{"om_disable_all_campaigns":false,"footnotes":""},"class_list":["post-1160","page","type-page","status-publish","hentry"],"jetpack_sharing_enabled":true,"_links":{"self":[{"href":"http:\/\/pluriseg.com\/index.php\/wp-json\/wp\/v2\/pages\/1160","targetHints":{"allow":["GET"]}}],"collection":[{"href":"http:\/\/pluriseg.com\/index.php\/wp-json\/wp\/v2\/pages"}],"about":[{"href":"http:\/\/pluriseg.com\/index.php\/wp-json\/wp\/v2\/types\/page"}],"author":[{"embeddable":true,"href":"http:\/\/pluriseg.com\/index.php\/wp-json\/wp\/v2\/users\/2"}],"replies":[{"embeddable":true,"href":"http:\/\/pluriseg.com\/index.php\/wp-json\/wp\/v2\/comments?post=1160"}],"version-history":[{"count":0,"href":"http:\/\/pluriseg.com\/index.php\/wp-json\/wp\/v2\/pages\/1160\/revisions"}],"up":[{"embeddable":true,"href":"http:\/\/pluriseg.com\/index.php\/wp-json\/wp\/v2\/pages\/1151"}],"wp:attachment":[{"href":"http:\/\/pluriseg.com\/index.php\/wp-json\/wp\/v2\/media?parent=1160"}],"curies":[{"name":"wp","href":"https:\/\/api.w.org\/{rel}","templated":true}]}}