{"id":1161,"date":"2016-10-26T19:06:07","date_gmt":"2016-10-26T19:06:07","guid":{"rendered":"http:\/\/pluriseg.com\/index.php\/programa-de-seguros-8\/"},"modified":"2016-10-26T19:06:26","modified_gmt":"2016-10-26T19:06:26","slug":"programa-de-seguros-8","status":"publish","type":"page","link":"http:\/\/pluriseg.com\/index.php\/programa-de-seguros-8\/","title":{"rendered":"Programa de Seguros"},"content":{"rendered":"<p class=\"MsoNormal\" style=\"margin-top: 15.6pt; margin-right: 0cm; margin-left: 0cm; margin-bottom: 0.0001pt; line-height: 16.5pt; vertical-align: top;\"><b><span lang=\"ES\" style=\"font-size: 12pt; color: rgb(71, 71, 71); \">Incendio y\/o<br \/>\nRayo<\/span><\/b><\/p>\n<p class=\"MsoNormal\" style=\"margin-top: 15.6pt; margin-right: 0cm; margin-left: 0cm; margin-bottom: 0.0001pt; line-height: 16.5pt; vertical-align: top;\"><span lang=\"ES\" style=\"font-size: 12pt; color: rgb(71, 71, 71); \">Ampara los riesgos de Incendio y\/o rayo, terremoto,<br \/>\ntemblor, erupci\u00f3n volc\u00e1nica, da\u00f1os por lluvia, da\u00f1os maliciosos y dem\u00e1s riesgos<br \/>\npropios de la cobertura de este ramo, orientada a proteger tu vivienda,<br \/>\nedificio, negocio, empresa.<\/span><\/p>\n<p class=\"MsoNormal\" style=\"margin-top: 15.6pt; margin-right: 0cm; margin-left: 0cm; margin-bottom: 0.0001pt; line-height: 16.5pt; vertical-align: top;\"><b><\/b><\/p>\n<p><b>&nbsp;<\/b><\/p>\n<table class=\"art-article\" style=\"margin-right: auto; margin-left: auto; \">\n<tbody>\n<tr>\n<td style=\"text-align: center; width: 567px; border-top-width: 0px; border-right-width: 0px; border-bottom-width: 0px; border-left-width: 0px; \"><\/p>\n<p>&nbsp; &nbsp;<\/td>\n<\/tr>\n<\/tbody>\n<\/table>\n<p class=\"MsoNormal\" style=\"margin-top: 15.6pt; margin-right: 0cm; margin-left: 0cm; margin-bottom: 0.0001pt; line-height: 16.5pt; vertical-align: top;\"><b><span lang=\"ES\" style=\"font-size: 12pt; color: rgb(71, 71, 71); \">Robo<\/span><\/b><\/p>\n<p class=\"MsoNormal\" style=\"margin-top: 15.6pt; margin-right: 0cm; margin-left: 0cm; margin-bottom: 0.0001pt; line-height: 16.5pt; vertical-align: top;\"><span lang=\"ES\" style=\"font-size: 12pt; color: rgb(71, 71, 71); \">Cubre las p\u00e9rdidas de los bienes asegurados a<br \/>\nconsecuencia de los riesgos de Robo, Asalto y Hurto.<\/span><\/p>\n<p style=\"text-align: center; \">&nbsp;<img loading=\"lazy\" decoding=\"async\" width=\"461\" height=\"291\" alt=\"\" class=\"art-lightbox\" src=\"http:\/\/pluriseg.com\/wp-content\/uploads\/2016\/10\/tmp96B8.png\" ><\/p>\n<p class=\"MsoNormal\" style=\"margin-top: 15.6pt; margin-right: 0cm; margin-left: 0cm; margin-bottom: 0.0001pt; line-height: 16.5pt; vertical-align: top;\"><b><span lang=\"ES\" style=\"font-size: 12pt; color: rgb(71, 71, 71); \">Equipo Electr\u00f3nico<\/span><\/b><\/p>\n<p class=\"MsoNormal\" style=\"margin-top: 15.6pt; margin-right: 0cm; margin-left: 0cm; margin-bottom: 0.0001pt; line-height: 16.5pt; vertical-align: top;\"><span lang=\"ES\" style=\"font-size: 12pt; color: rgb(71, 71, 71); \">Ampara los da\u00f1os como las p\u00e9rdidas ocurridas a los<br \/>\nequipos cuyos componentes sean electr\u00f3nicos tales como Equipos de computaci\u00f3n,<br \/>\nEquipos M\u00e9dicos y general cualquier equipo de tales caracter\u00edsticas.<\/span><\/p>\n<p class=\"MsoNormal\" style=\"margin-top: 15.6pt; margin-right: 0cm; margin-left: 0cm; margin-bottom: 0.0001pt; line-height: 16.5pt; vertical-align: top; text-align: center; \"><img loading=\"lazy\" decoding=\"async\" width=\"563\" height=\"358\" alt=\"\" class=\"art-lightbox\" src=\"http:\/\/pluriseg.com\/wp-content\/uploads\/2016\/10\/tmp53EF.png\"><\/p>\n<p class=\"MsoNormal\" style=\"margin-top: 15.6pt; margin-right: 0cm; margin-left: 0cm; margin-bottom: 0.0001pt; line-height: 16.5pt; vertical-align: top;\"><b><span lang=\"ES\" style=\"font-size: 12pt; color: rgb(71, 71, 71); \">Rotura de<br \/>\nMaquinaria<\/span><\/b><\/p>\n<p class=\"MsoNormal\" style=\"margin-top: 15.6pt; margin-right: 0cm; margin-left: 0cm; margin-bottom: 0.0001pt; line-height: 16.5pt; vertical-align: top;\"><span lang=\"ES\" style=\"font-size: 12pt; color: rgb(71, 71, 71); \">Cubre los da\u00f1os internos ocurridos a la maquinaria<br \/>\ncon da\u00f1os cubiertos bajo la p\u00f3liza siempre y cuando sean s\u00fabitos, accidentales<br \/>\ne imprevistos, bajo este ramo se aseguran maquinarias que no se movilizan por<br \/>\nsus propios medios como Ascensores, motores, generadores, entre otros similares.<\/span><\/p>\n<p class=\"MsoNormal\" style=\"margin-top: 15.6pt; margin-right: 0cm; margin-left: 0cm; margin-bottom: 0.0001pt; line-height: 16.5pt; vertical-align: top; text-align: center; \"><img loading=\"lazy\" decoding=\"async\" width=\"468\" height=\"364\" alt=\"\" class=\"art-lightbox\" src=\"http:\/\/pluriseg.com\/wp-content\/uploads\/2016\/10\/tmpFA2D.png\"><\/p>\n<p class=\"MsoNormal\" style=\"margin-top: 15.6pt; margin-right: 0cm; margin-left: 0cm; margin-bottom: 0.0001pt; line-height: 16.5pt; vertical-align: top;\"><b><span lang=\"ES\" style=\"font-size: 12pt; color: rgb(71, 71, 71); \">Equipo y<br \/>\nMaquinaria<\/span><\/b><\/p>\n<p class=\"MsoNormal\" style=\"margin-top: 15.6pt; margin-right: 0cm; margin-left: 0cm; margin-bottom: 0.0001pt; line-height: 16.5pt; vertical-align: top;\"><span lang=\"ES\" style=\"font-size: 12pt; color: rgb(71, 71, 71); \">Ampara los da\u00f1os a los Equipos y Maquinarias de<br \/>\nContratistas contra riesgos externos que puedas sufrir a consecuencia de<br \/>\nIncendio, choque, volcadura, y dem\u00e1s riesgo cubiertos en la operaci\u00f3n de dichos<br \/>\nequipos.<\/span><\/p>\n<p class=\"MsoNormal\" style=\"margin-top: 15.6pt; margin-right: 0cm; margin-left: 0cm; margin-bottom: 0.0001pt; line-height: 16.5pt; vertical-align: top;\"><span lang=\"ES\" style=\"font-size: 12pt; color: rgb(71, 71, 71); \">Bajo este ramo se pueden asegurar, tractores,<br \/>\nretroexcavadoras, montacargas entre otros similares.<\/span><\/p>\n<p class=\"MsoNormal\" style=\"margin-top: 15.6pt; margin-right: 0cm; margin-left: 0cm; margin-bottom: 0.0001pt; line-height: 16.5pt; vertical-align: top; text-align: center; \"><img loading=\"lazy\" decoding=\"async\" width=\"539\" height=\"351\" alt=\"\" class=\"art-lightbox\" src=\"http:\/\/pluriseg.com\/wp-content\/uploads\/2016\/10\/tmp2B5C.png\"><\/p>\n<p class=\"MsoNormal\" style=\"margin-top: 15.6pt; margin-right: 0cm; margin-left: 0cm; margin-bottom: 0.0001pt; line-height: 16.5pt; vertical-align: top;\"><b><span lang=\"ES\" style=\"font-size: 12pt; color: rgb(71, 71, 71); \">Lucro Cesante<\/span><\/b><\/p>\n<p class=\"MsoNormal\" style=\"margin-top: 15.6pt; margin-right: 0cm; margin-left: 0cm; margin-bottom: 0.0001pt; line-height: 16.5pt; vertical-align: top;\"><span lang=\"ES\" style=\"font-size: 12pt; color: rgb(71, 71, 71); \">Ampara la p\u00e9rdida de utilidad bruta a consecuencia<br \/>\nde la paralizaci\u00f3n de la empresa o planta productiva a consecuencia de un<br \/>\nevento como Incendio, terremoto, da\u00f1os de una maquinaria y dem\u00e1s riesgos que se<br \/>\nencuentren amparados bajo la p\u00f3liza de Incendio como de Rotura de Maquinaria<\/span><\/p>\n<p style=\"text-align: center; \"><img loading=\"lazy\" decoding=\"async\" width=\"363\" height=\"236\" alt=\"\" class=\"art-lightbox\" src=\"http:\/\/pluriseg.com\/wp-content\/uploads\/2016\/10\/tmpE7B9.png\">&nbsp;<\/p>\n<p class=\"MsoNormal\" style=\"margin-top: 15.6pt; margin-right: 0cm; margin-left: 0cm; margin-bottom: 0.0001pt; line-height: 16.5pt; vertical-align: top;\"><b><span lang=\"ES\" style=\"font-size: 12pt; color: rgb(71, 71, 71); \">Fianzas<\/span><\/b><\/p>\n<p class=\"MsoNormal\" style=\"margin-top: 15.6pt; margin-right: 0cm; margin-left: 0cm; margin-bottom: 0.0001pt; line-height: 16.5pt; vertical-align: top;\"><span lang=\"ES\" style=\"font-size: 12pt; color: rgb(71, 71, 71); \">Cobertura para garant\u00edas de cumplimiento de<br \/>\ncontrato, buen uso de anticipo, buena calidad de materiales, garant\u00edas aduaneras.<\/span><\/p>\n<p class=\"MsoNormal\" style=\"margin-top: 15.6pt; margin-right: 0cm; margin-left: 0cm; margin-bottom: 0.0001pt; line-height: 16.5pt; vertical-align: top;\"><b><\/b><\/p>\n<p style=\"text-align: center; \"><b>&nbsp;<img loading=\"lazy\" decoding=\"async\" width=\"369\" height=\"333\" alt=\"\" class=\"art-lightbox\" src=\"http:\/\/pluriseg.com\/wp-content\/uploads\/2016\/10\/tmp5A40.png\"><\/b><\/p>\n<p class=\"MsoNormal\" style=\"margin-top: 15.6pt; margin-right: 0cm; margin-left: 0cm; margin-bottom: 0.0001pt; line-height: 16.5pt; vertical-align: top;\"><b><span lang=\"ES\" style=\"font-size: 12pt; color: rgb(71, 71, 71); \">Fidelidad<\/span><\/b><\/p>\n<p class=\"MsoNormal\" style=\"margin-top: 15.6pt; margin-right: 0cm; margin-left: 0cm; margin-bottom: 0.0001pt; line-height: 16.5pt; vertical-align: top;\"><span lang=\"ES\" style=\"font-size: 12pt; color: rgb(71, 71, 71); \">Ampara todo acto de infidelidad como robo,<br \/>\ndesfalco, hurto, malversaci\u00f3n, uso indebido de fondos y dem\u00e1s actos punibles<br \/>\nbajo la ley cometidos por uno o m\u00e1s empleados y que causen perjuicio econ\u00f3mico<br \/>\na su empleador.<\/span><\/p>\n<p class=\"MsoNormal\" style=\"margin-top: 15.6pt; margin-right: 0cm; margin-left: 0cm; margin-bottom: 0.0001pt; line-height: 16.5pt; vertical-align: top; text-align: center; \"><img loading=\"lazy\" decoding=\"async\" width=\"361\" height=\"363\" alt=\"\" class=\"art-lightbox\" src=\"http:\/\/pluriseg.com\/wp-content\/uploads\/2016\/10\/tmp6B71.png\"><span lang=\"ES\" style=\"font-size: 12pt; color: rgb(71, 71, 71); \"><br \/><\/span><\/p>\n<p class=\"MsoNormal\" style=\"margin-top: 15.6pt; margin-right: 0cm; margin-left: 0cm; margin-bottom: 0.0001pt; line-height: 16.5pt; vertical-align: top;\"><b><span lang=\"ES\" style=\"font-size: 12pt; color: rgb(71, 71, 71); \">Vida Individual<br \/>\ny Grupo<\/span><\/b><\/p>\n<p class=\"MsoNormal\" style=\"margin-top: 15.6pt; margin-right: 0cm; margin-left: 0cm; margin-bottom: 0.0001pt; line-height: 16.5pt; vertical-align: top;\"><span lang=\"ES\" style=\"font-size: 12pt; color: rgb(71, 71, 71); \">Ampara el riesgo de fallecimiento sea natural,<br \/>\naccidental, coberturas que pueden ser contratadas de manera individual o grupal<br \/>\nen caso de contrataci\u00f3n empresarial.<b> <\/b><\/span><\/p>\n<p class=\"MsoNormal\" style=\"margin-top: 15.6pt; margin-right: 0cm; margin-left: 0cm; margin-bottom: 0.0001pt; line-height: 16.5pt; vertical-align: top; text-align: center; \"><img loading=\"lazy\" decoding=\"async\" width=\"385\" height=\"296\" alt=\"\" class=\"art-lightbox\" src=\"http:\/\/pluriseg.com\/wp-content\/uploads\/2016\/10\/tmp6E10.png\"><span lang=\"ES\" style=\"font-size: 12pt; color: rgb(71, 71, 71); \"><br \/><\/span><\/p>\n<p class=\"MsoNormal\" style=\"margin-top: 15.6pt; margin-right: 0cm; margin-left: 0cm; margin-bottom: 0.0001pt; line-height: 16.5pt; vertical-align: top;\"><b><span lang=\"ES\" style=\"font-size: 12pt; color: rgb(71, 71, 71); \">Asistencia<br \/>\nM\u00e9dica \u2013 Medicina Pepagada<\/span><\/b><\/p>\n<p class=\"MsoNormal\" style=\"margin-top: 15.6pt; margin-right: 0cm; margin-left: 0cm; margin-bottom: 0.0001pt; line-height: 16.5pt; vertical-align: top;\"><span lang=\"ES\" style=\"font-size: 12pt; color: rgb(71, 71, 71); \">Planes m\u00e9dicos para atenci\u00f3n en caso de enfermedad<br \/>\no accidente para tratamiento ambulatorio u Hospitalario a trav\u00e9s de las<br \/>\nprincipales cl\u00ednicas y Centros M\u00e9dicos a nivel nacional e internacional.<\/span><\/p>\n<p class=\"MsoNormal\" style=\"margin-top: 15.6pt; margin-right: 0cm; margin-left: 0cm; margin-bottom: 0.0001pt; line-height: 16.5pt; vertical-align: top;\"><span lang=\"ES\" style=\"font-size: 12pt; color: rgb(71, 71, 71); \">Se aseguran planes de tipo individual, familiar o<br \/>\nempresarial.<\/span><\/p>\n<p class=\"MsoNormal\" style=\"margin-top: 15.6pt; margin-right: 0cm; margin-left: 0cm; margin-bottom: 0.0001pt; line-height: 16.5pt; vertical-align: top; text-align: center; \"><img loading=\"lazy\" decoding=\"async\" width=\"391\" height=\"358\" alt=\"\" class=\"art-lightbox\" src=\"http:\/\/pluriseg.com\/wp-content\/uploads\/2016\/10\/tmp177A.png\"><span lang=\"ES\" style=\"font-size: 12pt; color: rgb(71, 71, 71); \"><br \/><\/span><\/p>\n<p>&nbsp;<\/p>\n<p class=\"MsoNormal\" style=\"margin-top: 15.6pt; margin-right: 0cm; margin-left: 0cm; margin-bottom: 0.0001pt; line-height: 16.5pt; vertical-align: top;\"><b><span lang=\"ES\" style=\"font-size: 12pt; color: rgb(71, 71, 71); \">Accidentes<br \/>\nPersonales<\/span><\/b><\/p>\n<p class=\"MsoNormal\" style=\"margin-top: 15.6pt; margin-right: 0cm; margin-left: 0cm; margin-bottom: 0.0001pt; line-height: 16.5pt; vertical-align: top;\"><span lang=\"ES\" style=\"font-size: 12pt; color: rgb(71, 71, 71); \">Ampara la Muerte Accidental y Gastos M\u00e9dicos que se<br \/>\ntengan que incurrir para la recuperaci\u00f3n de lesi\u00f3n provocada a consecuencia de<br \/>\nun accidente.<\/span><\/p>\n<p class=\"MsoNormal\" style=\"margin-top: 15.6pt; margin-right: 0cm; margin-left: 0cm; margin-bottom: 0.0001pt; line-height: 16.5pt; vertical-align: top;\"><span lang=\"ES\" style=\"font-size: 12pt; color: rgb(71, 71, 71); \">La contrataci\u00f3n puede ser individual, grupal o<br \/>\nempresarial&nbsp;&nbsp;<\/span><\/p>\n<p class=\"MsoNormal\" style=\"margin-top: 15.6pt; margin-right: 0cm; margin-left: 0cm; margin-bottom: 0.0001pt; line-height: 16.5pt; vertical-align: top;\"><b><\/b><\/p>\n<p style=\"text-align: center; \"><b>&nbsp;<img loading=\"lazy\" decoding=\"async\" width=\"515\" height=\"318\" alt=\"\" class=\"art-lightbox\" src=\"http:\/\/pluriseg.com\/wp-content\/uploads\/2016\/10\/tmpD195.png\"><\/b><\/p>\n<p class=\"MsoNormal\" style=\"margin-top: 15.6pt; margin-right: 0cm; margin-left: 0cm; margin-bottom: 0.0001pt; line-height: 16.5pt; vertical-align: top;\"><b><span lang=\"ES\" style=\"font-size: 12pt; color: rgb(71, 71, 71); \">Responsabilidad<br \/>\nCivil<\/span><\/b><\/p>\n<p class=\"MsoNormal\" style=\"margin-top: 15.6pt; margin-right: 0cm; margin-left: 0cm; margin-bottom: 0.0001pt; line-height: 16.5pt; vertical-align: top;\"><span lang=\"ES\" style=\"font-size: 12pt; color: rgb(71, 71, 71); \">Ampara las afectaciones patrimoniales por<br \/>\neventuales afectaciones a terceros causadas en los predios o durante las<br \/>\nlabores y&nbsp; operaciones de la vivienda,<br \/>\nempresa.<\/span><\/p>\n<p class=\"MsoNormal\" style=\"margin-top: 15.6pt; margin-right: 0cm; margin-left: 0cm; margin-bottom: 0.0001pt; line-height: 16.5pt; vertical-align: top; text-align: center; \"><img loading=\"lazy\" decoding=\"async\" width=\"450\" height=\"276\" alt=\"\" class=\"art-lightbox\" src=\"http:\/\/pluriseg.com\/wp-content\/uploads\/2016\/10\/tmpD9B1.png\"><span lang=\"ES\" style=\"font-size: 12pt; color: rgb(71, 71, 71); \"><br \/><\/span><\/p>\n<p>&nbsp;<span style=\"line-height: 22px; \"><b><span lang=\"ES\" style=\"font-size: 12pt; color: rgb(71, 71, 71); \">Transporte<\/span><\/b><\/span><\/p>\n<p class=\"MsoNormal\" style=\"margin-top: 15.6pt; margin-right: 0cm; margin-left: 0cm; margin-bottom: 0.0001pt; line-height: 16.5pt; vertical-align: top;\"><span lang=\"ES\" style=\"font-size: 12pt; color: rgb(71, 71, 71); \">En todas sus modalidades, ampara la mercader\u00eda<br \/>\nmovilizada contra da\u00f1os o p\u00e9rdidas sufridas a consecuencia de robo, asalto,<br \/>\nrotura y dem\u00e1s da\u00f1os en general seg\u00fan la cobertura requerida.<\/span><\/p>\n<p class=\"MsoNormal\" style=\"margin-top: 15.6pt; margin-right: 0cm; margin-left: 0cm; margin-bottom: 0.0001pt; line-height: 16.5pt; vertical-align: top;\"><b><\/b><\/p>\n<p style=\"text-align: center; \"><b>&nbsp;<img loading=\"lazy\" decoding=\"async\" width=\"400\" height=\"300\" alt=\"\" class=\"art-lightbox\" src=\"http:\/\/pluriseg.com\/wp-content\/uploads\/2016\/10\/tmp2A13.png\"><\/b><\/p>\n<p class=\"MsoNormal\" style=\"margin-top: 15.6pt; margin-right: 0cm; margin-left: 0cm; margin-bottom: 0.0001pt; line-height: 16.5pt; vertical-align: top;\"><b><span lang=\"ES\" style=\"font-size: 12pt; color: rgb(71, 71, 71); \">Dinero&nbsp; y Valores<\/span><\/b><\/p>\n<p class=\"MsoNormal\" style=\"margin-top: 15.6pt; margin-right: 0cm; margin-left: 0cm; margin-bottom: 0.0001pt; line-height: 16.5pt; vertical-align: top;\"><span lang=\"ES\" style=\"font-size: 12pt; color: rgb(71, 71, 71); \">Ampara la p\u00e9rdida o da\u00f1os de dinero y valores a<br \/>\nconsecuencia de los riesgos propios de las p\u00f3lizas tales como robo, asalto<br \/>\nincendio, etc, sea que se encuentre tanto en permanencia dentro de los locales<br \/>\ndel asegurado como en tr\u00e1nsito.<\/span><\/p>\n<p class=\"MsoNormal\" style=\"margin-top: 15.6pt; margin-right: 0cm; margin-left: 0cm; margin-bottom: 0.0001pt; line-height: 16.5pt; vertical-align: top; text-align: center; \"><img loading=\"lazy\" decoding=\"async\" width=\"355\" height=\"323\" alt=\"\" class=\"art-lightbox art-preview-selected\" src=\"http:\/\/pluriseg.com\/wp-content\/uploads\/2016\/10\/tmpF5EA.png\" ><span lang=\"ES\" style=\"font-size: 12pt; color: rgb(71, 71, 71); \"><br \/><\/span><\/p>\n<p class=\"MsoNormal\" style=\"margin-top: 15.6pt; margin-right: 0cm; margin-left: 0cm; margin-bottom: 0.0001pt; line-height: 16.5pt; vertical-align: top;\"><b><span lang=\"ES\" style=\"font-size: 12pt; color: rgb(71, 71, 71); \">Otros ramos:<\/span><\/b><\/p>\n<p class=\"MsoNormal\" style=\"margin-top: 15.6pt; margin-right: 0cm; margin-left: 0cm; margin-bottom: 0.0001pt; line-height: 16.5pt; vertical-align: top;\">\n<ul>\n<li><span style=\"color: rgb(71, 71, 71); font-size: 16px; \">Aviaci\u00f3n<\/span><\/li>\n<li><span style=\"color: rgb(71, 71, 71); font-size: 16px; \">Mar\u00edtimo<\/span><\/li>\n<li><span style=\"color: rgb(71, 71, 71); font-size: 16px; \">Agr\u00edcola<\/span><\/li>\n<li><span style=\"color: rgb(71, 71, 71); font-size: 16px; \">BBB<\/span><\/li>\n<li><span style=\"color: rgb(71, 71, 71); font-size: 16px; \">D&amp;0<\/span><\/li>\n<li><span style=\"color: rgb(71, 71, 71); font-size: 16px; \">Responsabilidad Civil Profesional<\/span><\/li>\n<li><span style=\"color: rgb(71, 71, 71); font-size: 16px; \">Todo Riesgo de Construcci\u00f3n y Montaje<\/span><\/li>\n<\/ul>\n<p><\/p>\n","protected":false},"excerpt":{"rendered":"<p>Incendio y\/o Rayo Ampara los riesgos de Incendio y\/o rayo, terremoto, temblor, erupci\u00f3n volc\u00e1nica, da\u00f1os por lluvia, da\u00f1os maliciosos y dem\u00e1s riesgos propios de la cobertura de este ramo, orientada a proteger tu vivienda, edificio, negocio, empresa. &nbsp; &nbsp; &nbsp; Robo Cubre las p\u00e9rdidas de los bienes asegurados a consecuencia de los riesgos de Robo, [&hellip;]<\/p>\n","protected":false},"author":2,"featured_media":0,"parent":0,"menu_order":15,"comment_status":"closed","ping_status":"closed","template":"","meta":{"om_disable_all_campaigns":false,"footnotes":""},"class_list":["post-1161","page","type-page","status-publish","hentry"],"jetpack_sharing_enabled":true,"_links":{"self":[{"href":"http:\/\/pluriseg.com\/index.php\/wp-json\/wp\/v2\/pages\/1161","targetHints":{"allow":["GET"]}}],"collection":[{"href":"http:\/\/pluriseg.com\/index.php\/wp-json\/wp\/v2\/pages"}],"about":[{"href":"http:\/\/pluriseg.com\/index.php\/wp-json\/wp\/v2\/types\/page"}],"author":[{"embeddable":true,"href":"http:\/\/pluriseg.com\/index.php\/wp-json\/wp\/v2\/users\/2"}],"replies":[{"embeddable":true,"href":"http:\/\/pluriseg.com\/index.php\/wp-json\/wp\/v2\/comments?post=1161"}],"version-history":[{"count":1,"href":"http:\/\/pluriseg.com\/index.php\/wp-json\/wp\/v2\/pages\/1161\/revisions"}],"predecessor-version":[{"id":1225,"href":"http:\/\/pluriseg.com\/index.php\/wp-json\/wp\/v2\/pages\/1161\/revisions\/1225"}],"wp:attachment":[{"href":"http:\/\/pluriseg.com\/index.php\/wp-json\/wp\/v2\/media?parent=1161"}],"curies":[{"name":"wp","href":"https:\/\/api.w.org\/{rel}","templated":true}]}}