{"id":1170,"date":"2016-10-26T19:06:16","date_gmt":"2016-10-26T19:06:16","guid":{"rendered":"http:\/\/pluriseg.com\/index.php\/programa-de-seguros-8\/equipo-electronico\/"},"modified":"2016-10-26T19:06:16","modified_gmt":"2016-10-26T19:06:16","slug":"equipo-electronico","status":"publish","type":"page","link":"http:\/\/pluriseg.com\/index.php\/programa-de-seguros-8\/equipo-electronico\/","title":{"rendered":"Equipo Electr\u00f3nico"},"content":{"rendered":"<p class=\"MsoNormal\" style=\"margin-top: 15.6pt; margin-right: 0cm; margin-left: 0cm; margin-bottom: 0.0001pt; line-height: 16.5pt; vertical-align: top;\"><span style=\"color: rgb(71, 71, 71); line-height: 17px; font-family: Cuprum;\">Ampara los da\u00f1os como las<br \/>\np\u00e9rdidas ocurridas a los equipos cuyos componentes sean electr\u00f3nicos tales como<br \/>\nEquipos de computaci\u00f3n, Equipos M\u00e9dicos y general cualquier equipo de tales<br \/>\ncaracter\u00edsticas.<\/span><\/p>\n<p style=\"text-align: center;\"><span lang=\"ES\" style=\"font-size: 12pt; line-height: 107%; font-family: Arial, sans-serif; color: rgb(71, 71, 71);\"><img loading=\"lazy\" decoding=\"async\" width=\"563\" height=\"358\" alt=\"\" class=\"art-lightbox\" src=\"http:\/\/pluriseg.com\/wp-content\/uploads\/2016\/10\/tmpFD99.png\"><\/span><span style=\"border-collapse: collapse; -webkit-border-horizontal-spacing: 2px; -webkit-border-vertical-spacing: 2px;\"><br \/><\/span><\/p><\/p>\n","protected":false},"excerpt":{"rendered":"<p>Ampara los da\u00f1os como las p\u00e9rdidas ocurridas a los equipos cuyos componentes sean electr\u00f3nicos tales como Equipos de computaci\u00f3n, Equipos M\u00e9dicos y general cualquier equipo de tales caracter\u00edsticas.<\/p>\n","protected":false},"author":2,"featured_media":0,"parent":1161,"menu_order":24,"comment_status":"closed","ping_status":"closed","template":"","meta":{"om_disable_all_campaigns":false,"footnotes":""},"class_list":["post-1170","page","type-page","status-publish","hentry"],"jetpack_sharing_enabled":true,"_links":{"self":[{"href":"http:\/\/pluriseg.com\/index.php\/wp-json\/wp\/v2\/pages\/1170","targetHints":{"allow":["GET"]}}],"collection":[{"href":"http:\/\/pluriseg.com\/index.php\/wp-json\/wp\/v2\/pages"}],"about":[{"href":"http:\/\/pluriseg.com\/index.php\/wp-json\/wp\/v2\/types\/page"}],"author":[{"embeddable":true,"href":"http:\/\/pluriseg.com\/index.php\/wp-json\/wp\/v2\/users\/2"}],"replies":[{"embeddable":true,"href":"http:\/\/pluriseg.com\/index.php\/wp-json\/wp\/v2\/comments?post=1170"}],"version-history":[{"count":0,"href":"http:\/\/pluriseg.com\/index.php\/wp-json\/wp\/v2\/pages\/1170\/revisions"}],"up":[{"embeddable":true,"href":"http:\/\/pluriseg.com\/index.php\/wp-json\/wp\/v2\/pages\/1161"}],"wp:attachment":[{"href":"http:\/\/pluriseg.com\/index.php\/wp-json\/wp\/v2\/media?parent=1170"}],"curies":[{"name":"wp","href":"https:\/\/api.w.org\/{rel}","templated":true}]}}