{"id":1171,"date":"2016-10-26T19:06:17","date_gmt":"2016-10-26T19:06:17","guid":{"rendered":"http:\/\/pluriseg.com\/index.php\/programa-de-seguros-8\/rotura-de-maquinaria\/"},"modified":"2016-10-26T19:06:17","modified_gmt":"2016-10-26T19:06:17","slug":"rotura-de-maquinaria","status":"publish","type":"page","link":"http:\/\/pluriseg.com\/index.php\/programa-de-seguros-8\/rotura-de-maquinaria\/","title":{"rendered":"Rotura de Maquinaria"},"content":{"rendered":"<p class=\"MsoNormal\" style=\"margin-top: 15.6pt; margin-right: 0cm; margin-left: 0cm; margin-bottom: 0.0001pt; line-height: 16.5pt; vertical-align: top; text-align: left;\"><span style=\"color: rgb(71, 71, 71);\">Cubre los da\u00f1os internos ocurridos a la maquinaria<br \/>\ncon da\u00f1os cubiertos bajo la p\u00f3liza siempre y cuando sean s\u00fabitos, accidentales<br \/>\ne imprevistos, bajo este ramo se aseguran maquinarias que no se movilizan por<br \/>\nsus propios medios como Ascensores, motores, generadores, entre otros similares.<\/span><\/p>\n<p class=\"MsoNormal\" style=\"margin-top: 15.6pt; margin-right: 0cm; margin-left: 0cm; margin-bottom: 0.0001pt; line-height: 16.5pt; vertical-align: top; text-align: center;\"><img loading=\"lazy\" decoding=\"async\" width=\"468\" height=\"364\" alt=\"\" class=\"art-lightbox\" src=\"http:\/\/pluriseg.com\/wp-content\/uploads\/2016\/10\/tmp9EC.png\"><span style=\"color: rgb(71, 71, 71);\"><br \/><\/span><\/p>\n","protected":false},"excerpt":{"rendered":"<p>Cubre los da\u00f1os internos ocurridos a la maquinaria con da\u00f1os cubiertos bajo la p\u00f3liza siempre y cuando sean s\u00fabitos, accidentales e imprevistos, bajo este ramo se aseguran maquinarias que no se movilizan por sus propios medios como Ascensores, motores, generadores, entre otros similares.<\/p>\n","protected":false},"author":2,"featured_media":0,"parent":1161,"menu_order":25,"comment_status":"closed","ping_status":"closed","template":"","meta":{"om_disable_all_campaigns":false,"footnotes":""},"class_list":["post-1171","page","type-page","status-publish","hentry"],"jetpack_sharing_enabled":true,"_links":{"self":[{"href":"http:\/\/pluriseg.com\/index.php\/wp-json\/wp\/v2\/pages\/1171","targetHints":{"allow":["GET"]}}],"collection":[{"href":"http:\/\/pluriseg.com\/index.php\/wp-json\/wp\/v2\/pages"}],"about":[{"href":"http:\/\/pluriseg.com\/index.php\/wp-json\/wp\/v2\/types\/page"}],"author":[{"embeddable":true,"href":"http:\/\/pluriseg.com\/index.php\/wp-json\/wp\/v2\/users\/2"}],"replies":[{"embeddable":true,"href":"http:\/\/pluriseg.com\/index.php\/wp-json\/wp\/v2\/comments?post=1171"}],"version-history":[{"count":0,"href":"http:\/\/pluriseg.com\/index.php\/wp-json\/wp\/v2\/pages\/1171\/revisions"}],"up":[{"embeddable":true,"href":"http:\/\/pluriseg.com\/index.php\/wp-json\/wp\/v2\/pages\/1161"}],"wp:attachment":[{"href":"http:\/\/pluriseg.com\/index.php\/wp-json\/wp\/v2\/media?parent=1171"}],"curies":[{"name":"wp","href":"https:\/\/api.w.org\/{rel}","templated":true}]}}